{"id":6635,"date":"2026-03-18T12:58:59","date_gmt":"2026-03-18T11:58:59","guid":{"rendered":"https:\/\/shop.dohlad.info\/index.php\/\/produkt\/kama-lights-zarovka-e27-24v-corn-4000k\/"},"modified":"2026-03-18T12:59:02","modified_gmt":"2026-03-18T11:59:02","slug":"kama-lights-zarovka-e27-24v-corn-4000k","status":"publish","type":"product","link":"https:\/\/shop.dohlad.info\/index.php\/produkt\/kama-lights-zarovka-e27-24v-corn-4000k\/","title":{"rendered":"Kama Lights\u00ae \u017d\u00e1rovka E27 24V CORN 4000K"},"content":{"rendered":"<p>Stm\u00edvateln\u00e1 LED \u017e\u00e1rovka 15W na 24V.&nbsp;S patic\u00ed E27, COB \u010dipem a chromati\u010dnost\u00ed 4000K. \u017d\u00e1rovka m\u00e1 24V nap\u00e1jen\u00ed,&nbsp;je&nbsp;a kompatibiln\u00ed s inteligentn\u00edmi syst\u00e9my&#8230; nap\u0159\u00edklad Loxone, TapHome a mnoho dal\u0161\u00edch.&nbsp;\u017d\u00e1rovka je ml\u00e9\u010dn\u00e9m proveden\u00ed a vhodn\u00e1 do sv\u00edtidel kde je pot\u0159eba v\u011bt\u0161\u00ed v\u00fdkon.<\/p>\n<p><span>\u017d\u00e1rovka je ide\u00e1ln\u00ed volbou pro lustry, kde nen\u00ed zdroj sv\u011btla p\u0159\u00edmo viditeln\u00fd a je pot\u0159eba zaji\u0161t\u011bn\u00ed vysok\u00e9ho v\u00fdkonu. Z\u00e1rove\u0148 je vhodn\u00e1 i pro pou\u017eit\u00ed v technick\u00fdch m\u00edstnostech, kde je kladen d\u016fraz na funk\u010dnost a dostate\u010dn\u00e9 osv\u011btlen\u00ed.<\/span><\/p>\n<p>Z\u00e1ruka na 36 m\u011bs\u00edc\u016f<\/p>\n","protected":false},"excerpt":{"rendered":"<p>Stm\u00edvateln\u00e1 LED \u017e\u00e1rovka 15W na 24V.&nbsp;S patic\u00ed E27, COB \u010dipem a chromati\u010dnost\u00ed 4000K. \u017d\u00e1rovka m\u00e1 24V nap\u00e1jen\u00ed,&nbsp;je&nbsp;a kompatibiln\u00ed s inteligentn\u00edmi syst\u00e9my&#8230; nap\u0159\u00edklad Loxone, TapHome a mnoho dal\u0161\u00edch.&nbsp;\u017d\u00e1rovka je ml\u00e9\u010dn\u00e9m proveden\u00ed a vhodn\u00e1 do sv\u00edtidel kde je pot\u0159eba v\u011bt\u0161\u00ed v\u00fdkon.<\/p>\n<p><span>\u017d\u00e1rovka je ide\u00e1ln\u00ed volbou pro lustry, kde nen\u00ed zdroj sv\u011btla p\u0159\u00edmo viditeln\u00fd a je pot\u0159eba zaji\u0161t\u011bn\u00ed vysok\u00e9ho v\u00fdkonu. Z\u00e1rove\u0148 je vhodn\u00e1 i pro pou\u017eit\u00ed v technick\u00fdch m\u00edstnostech, kde je kladen d\u016fraz na funk\u010dnost a dostate\u010dn\u00e9 osv\u011btlen\u00ed.<\/span><\/p>\n","protected":false},"featured_media":6636,"template":"","meta":[],"product_brand":[409],"product_cat":[444],"product_tag":[],"class_list":{"0":"post-6635","1":"product","2":"type-product","3":"status-publish","4":"has-post-thumbnail","6":"product_brand-kama-lights","7":"product_cat-e27","8":"pa_napeti-24v-dc","9":"pa_patice-e27","10":"pa_prikon-15w","12":"first","13":"instock","14":"purchasable","15":"product-type-simple"},"_links":{"self":[{"href":"https:\/\/shop.dohlad.info\/index.php\/wp-json\/wp\/v2\/product\/6635","targetHints":{"allow":["GET"]}}],"collection":[{"href":"https:\/\/shop.dohlad.info\/index.php\/wp-json\/wp\/v2\/product"}],"about":[{"href":"https:\/\/shop.dohlad.info\/index.php\/wp-json\/wp\/v2\/types\/product"}],"wp:featuredmedia":[{"embeddable":true,"href":"https:\/\/shop.dohlad.info\/index.php\/wp-json\/wp\/v2\/media\/6636"}],"wp:attachment":[{"href":"https:\/\/shop.dohlad.info\/index.php\/wp-json\/wp\/v2\/media?parent=6635"}],"wp:term":[{"taxonomy":"product_brand","embeddable":true,"href":"https:\/\/shop.dohlad.info\/index.php\/wp-json\/wp\/v2\/product_brand?post=6635"},{"taxonomy":"product_cat","embeddable":true,"href":"https:\/\/shop.dohlad.info\/index.php\/wp-json\/wp\/v2\/product_cat?post=6635"},{"taxonomy":"product_tag","embeddable":true,"href":"https:\/\/shop.dohlad.info\/index.php\/wp-json\/wp\/v2\/product_tag?post=6635"}],"curies":[{"name":"wp","href":"https:\/\/api.w.org\/{rel}","templated":true}]}}