{"id":6073,"date":"2026-03-18T09:15:09","date_gmt":"2026-03-18T08:15:09","guid":{"rendered":"https:\/\/shop.dohlad.info\/index.php\/\/produkt\/kama-lights-bodovka-24v-dual-white-d42-3w-barva-bila\/"},"modified":"2026-03-18T09:15:19","modified_gmt":"2026-03-18T08:15:19","slug":"kama-lights-bodovka-24v-dual-white-d42-3w-barva-bila","status":"publish","type":"product","link":"https:\/\/shop.dohlad.info\/index.php\/produkt\/kama-lights-bodovka-24v-dual-white-d42-3w-barva-bila\/","title":{"rendered":"Kama Lights\u00ae Bodovka 24V Dual White D42 3W Barva: B\u00edl\u00e1"},"content":{"rendered":"<p><strong>Zapojen\u00ed:<\/strong><\/p>\n<p>\u010cerven\u00fd vodi\u010d: +24V<br \/>\u017dlut\u00fd vodi\u010d: WW 2000K<br \/>B\u00edl\u00fd vodi\u010d: CW 6000K<\/p>\n<p>Z\u00e1ruka na 36 m\u011bs\u00edc\u016f<\/p>\n","protected":false},"excerpt":{"rendered":"<p><strong>Zapojen\u00ed:<\/strong><\/p>\n<p>\u010cerven\u00fd vodi\u010d: +24V<br \/>\u017dlut\u00fd vodi\u010d: WW 2000K<br \/>B\u00edl\u00fd vodi\u010d: CW 6000K<\/p>\n","protected":false},"featured_media":6074,"template":"","meta":[],"product_brand":[409],"product_cat":[423],"product_tag":[],"class_list":{"0":"post-6073","1":"product","2":"type-product","3":"status-publish","4":"has-post-thumbnail","6":"product_brand-kama-lights","7":"product_cat-led-osvetleni","8":"pa_barva-bila","9":"pa_napeti-24v-dc","10":"pa_prikon-15w-3w-15w","12":"first","13":"instock","14":"purchasable","15":"product-type-simple"},"_links":{"self":[{"href":"https:\/\/shop.dohlad.info\/index.php\/wp-json\/wp\/v2\/product\/6073","targetHints":{"allow":["GET"]}}],"collection":[{"href":"https:\/\/shop.dohlad.info\/index.php\/wp-json\/wp\/v2\/product"}],"about":[{"href":"https:\/\/shop.dohlad.info\/index.php\/wp-json\/wp\/v2\/types\/product"}],"wp:featuredmedia":[{"embeddable":true,"href":"https:\/\/shop.dohlad.info\/index.php\/wp-json\/wp\/v2\/media\/6074"}],"wp:attachment":[{"href":"https:\/\/shop.dohlad.info\/index.php\/wp-json\/wp\/v2\/media?parent=6073"}],"wp:term":[{"taxonomy":"product_brand","embeddable":true,"href":"https:\/\/shop.dohlad.info\/index.php\/wp-json\/wp\/v2\/product_brand?post=6073"},{"taxonomy":"product_cat","embeddable":true,"href":"https:\/\/shop.dohlad.info\/index.php\/wp-json\/wp\/v2\/product_cat?post=6073"},{"taxonomy":"product_tag","embeddable":true,"href":"https:\/\/shop.dohlad.info\/index.php\/wp-json\/wp\/v2\/product_tag?post=6073"}],"curies":[{"name":"wp","href":"https:\/\/api.w.org\/{rel}","templated":true}]}}