{"id":6063,"date":"2026-03-18T09:14:52","date_gmt":"2026-03-18T08:14:52","guid":{"rendered":"https:\/\/shop.dohlad.info\/index.php\/\/produkt\/kama-lights-senzor-uniku-vody-vertical-s-kabelem\/"},"modified":"2026-03-18T09:14:58","modified_gmt":"2026-03-18T08:14:58","slug":"kama-lights-senzor-uniku-vody-vertical-s-kabelem","status":"publish","type":"product","link":"https:\/\/shop.dohlad.info\/index.php\/produkt\/kama-lights-senzor-uniku-vody-vertical-s-kabelem\/","title":{"rendered":"Kama Lights\u00ae Senzor \u00faniku vody VERTICAL s kabelem"},"content":{"rendered":"<p>Sledov\u00e1n\u00ed \u00faniku vody. Vertik\u00e1ln\u00ed mont\u00e1\u017e.<\/p>\n","protected":false},"excerpt":{"rendered":"<p>Sledov\u00e1n\u00ed \u00faniku vody. Vertik\u00e1ln\u00ed mont\u00e1\u017e.<\/p>\n","protected":false},"featured_media":6064,"template":"","meta":[],"product_brand":[409],"product_cat":[464],"product_tag":[],"class_list":{"0":"post-6063","1":"product","2":"type-product","3":"status-publish","4":"has-post-thumbnail","6":"product_brand-kama-lights","7":"product_cat-snimace","8":"pa_instalace-vertikalni","9":"pa_napeti-max-110v-dc","10":"pa_proud-max-05a","12":"first","13":"instock","14":"purchasable","15":"product-type-simple"},"_links":{"self":[{"href":"https:\/\/shop.dohlad.info\/index.php\/wp-json\/wp\/v2\/product\/6063","targetHints":{"allow":["GET"]}}],"collection":[{"href":"https:\/\/shop.dohlad.info\/index.php\/wp-json\/wp\/v2\/product"}],"about":[{"href":"https:\/\/shop.dohlad.info\/index.php\/wp-json\/wp\/v2\/types\/product"}],"wp:featuredmedia":[{"embeddable":true,"href":"https:\/\/shop.dohlad.info\/index.php\/wp-json\/wp\/v2\/media\/6064"}],"wp:attachment":[{"href":"https:\/\/shop.dohlad.info\/index.php\/wp-json\/wp\/v2\/media?parent=6063"}],"wp:term":[{"taxonomy":"product_brand","embeddable":true,"href":"https:\/\/shop.dohlad.info\/index.php\/wp-json\/wp\/v2\/product_brand?post=6063"},{"taxonomy":"product_cat","embeddable":true,"href":"https:\/\/shop.dohlad.info\/index.php\/wp-json\/wp\/v2\/product_cat?post=6063"},{"taxonomy":"product_tag","embeddable":true,"href":"https:\/\/shop.dohlad.info\/index.php\/wp-json\/wp\/v2\/product_tag?post=6063"}],"curies":[{"name":"wp","href":"https:\/\/api.w.org\/{rel}","templated":true}]}}