{"id":4648,"date":"2026-03-18T08:48:04","date_gmt":"2026-03-18T07:48:04","guid":{"rendered":"https:\/\/shop.dohlad.info\/index.php\/\/produkt\/led-hlinikovy-profil-klus-kides-duo-stribrna-anoda-delka-2m\/"},"modified":"2026-03-18T08:48:13","modified_gmt":"2026-03-18T07:48:13","slug":"led-hlinikovy-profil-klus-kides-duo-stribrna-anoda-delka-2m","status":"publish","type":"product","link":"https:\/\/shop.dohlad.info\/index.php\/produkt\/led-hlinikovy-profil-klus-kides-duo-stribrna-anoda-delka-2m\/","title":{"rendered":"LED hlin\u00edkov\u00fd profil KLU\u015a KIDES-DUO |st\u0159\u00edbrn\u00e1 anoda D\u00e9lka: 2m"},"content":{"rendered":"<p><P><STRONG>\u00da\u010del produktu <BR><\/STRONG>&nbsp;&#8211; pro v\u00fdrobu n\u00e1st\u011bnn\u00fdch sv\u00edtidel odoln\u00fdch proti st\u0159\u00edkaj\u00edc\u00ed vod\u011b<BR>&nbsp;&#8211; svit ve dvou sm\u011brech <\/P><br \/>\n<P><STRONG>Instalace<\/STRONG> <BR>&nbsp;&#8211; p\u0159ipevn\u011bn\u00ed mont\u00e1\u017en\u00ed \u010d\u00e1sti profilu na povrch<BR>&nbsp;&#8211; nacvaknut\u00ed sv\u011bteln\u00e9 \u010d\u00e1sti profilu na mont\u00e1\u017en\u00ed \u010d\u00e1st<BR>&nbsp;&#8211; nasazen\u00ed kryc\u00edho profilu ATRA<\/P><br \/>\n<P><STRONG>Dal\u0161\u00ed informace<\/STRONG> <BR>&nbsp;&#8211; pro pou\u017eit\u00ed do interi\u00e9ru i exteri\u00e9ru<\/P><\/p>\n","protected":false},"excerpt":{"rendered":"<p><P><STRONG>\u00da\u010del produktu <BR><\/STRONG>&nbsp;&#8211; pro v\u00fdrobu n\u00e1st\u011bnn\u00fdch sv\u00edtidel odoln\u00fdch proti st\u0159\u00edkaj\u00edc\u00ed vod\u011b<BR>&nbsp;&#8211; svit ve dvou sm\u011brech <\/P><br \/>\n<P><STRONG>Instalace<\/STRONG> <BR>&nbsp;&#8211; p\u0159ipevn\u011bn\u00ed mont\u00e1\u017en\u00ed \u010d\u00e1sti profilu na povrch<BR>&nbsp;&#8211; nacvaknut\u00ed sv\u011bteln\u00e9 \u010d\u00e1sti profilu na mont\u00e1\u017en\u00ed \u010d\u00e1st<BR>&nbsp;&#8211; nasazen\u00ed kryc\u00edho profilu ATRA<\/P><br \/>\n<P><STRONG>Dal\u0161\u00ed informace<\/STRONG> <BR>&nbsp;&#8211; pro pou\u017eit\u00ed do interi\u00e9ru i exteri\u00e9ru<\/P><\/p>\n","protected":false},"featured_media":4649,"template":"","meta":[],"product_brand":[525],"product_cat":[544],"product_tag":[],"class_list":{"0":"post-4648","1":"product","2":"type-product","3":"status-publish","4":"has-post-thumbnail","6":"product_brand-klus","7":"product_cat-led-profily-nastenne-a-fasadni","8":"pa_delka-2m","10":"first","11":"instock","12":"purchasable","13":"product-type-simple"},"_links":{"self":[{"href":"https:\/\/shop.dohlad.info\/index.php\/wp-json\/wp\/v2\/product\/4648","targetHints":{"allow":["GET"]}}],"collection":[{"href":"https:\/\/shop.dohlad.info\/index.php\/wp-json\/wp\/v2\/product"}],"about":[{"href":"https:\/\/shop.dohlad.info\/index.php\/wp-json\/wp\/v2\/types\/product"}],"wp:featuredmedia":[{"embeddable":true,"href":"https:\/\/shop.dohlad.info\/index.php\/wp-json\/wp\/v2\/media\/4649"}],"wp:attachment":[{"href":"https:\/\/shop.dohlad.info\/index.php\/wp-json\/wp\/v2\/media?parent=4648"}],"wp:term":[{"taxonomy":"product_brand","embeddable":true,"href":"https:\/\/shop.dohlad.info\/index.php\/wp-json\/wp\/v2\/product_brand?post=4648"},{"taxonomy":"product_cat","embeddable":true,"href":"https:\/\/shop.dohlad.info\/index.php\/wp-json\/wp\/v2\/product_cat?post=4648"},{"taxonomy":"product_tag","embeddable":true,"href":"https:\/\/shop.dohlad.info\/index.php\/wp-json\/wp\/v2\/product_tag?post=4648"}],"curies":[{"name":"wp","href":"https:\/\/api.w.org\/{rel}","templated":true}]}}