{"id":4623,"date":"2026-03-18T08:47:39","date_gmt":"2026-03-18T07:47:39","guid":{"rendered":"https:\/\/shop.dohlad.info\/index.php\/\/produkt\/led-hlinikovy-profil-klus-jaz-stribrna-anoda-delka-3m\/"},"modified":"2026-03-18T08:47:40","modified_gmt":"2026-03-18T07:47:40","slug":"led-hlinikovy-profil-klus-jaz-stribrna-anoda-delka-3m","status":"publish","type":"product","link":"https:\/\/shop.dohlad.info\/index.php\/produkt\/led-hlinikovy-profil-klus-jaz-stribrna-anoda-delka-3m\/","title":{"rendered":"LED hlin\u00edkov\u00fd profil KLU\u015a JAZ |st\u0159\u00edbrn\u00e1 anoda D\u00e9lka: 3m"},"content":{"rendered":"<p><P><STRONG>\u00da\u010del produktu <\/STRONG><BR>&#8211; pro vytv\u00e1\u0159en\u00ed z\u00e1v\u011bsn\u00fdch sv\u00edtidel kruhov\u00e9ho pr\u016f\u0159ezu <BR>&#8211; pro vytv\u00e1\u0159en\u00ed z\u00e1v\u011bsn\u00fdch sv\u011bteln\u00fdch lini\u00ed <\/P><br \/>\n<P><STRONG>Instalace <BR><\/STRONG>&#8211; za pomoc\u00ed r\u016fzn\u00fdch z\u00e1v\u011bsn\u00fdch syst\u00e9m\u016f, kompatibiln\u00edch se syst\u00e9my PUSZ nebo UCHO-ZM <\/P><br \/>\n<P><STRONG>Dal\u0161\u00ed informace <\/STRONG><BR>&#8211; jednoduch\u00e1, pevn\u00e1 konstrukce <BR>&#8211; prostor pro LED pasek: 21.2 mm<\/P><\/p>\n","protected":false},"excerpt":{"rendered":"<p><P><STRONG>\u00da\u010del produktu <\/STRONG><BR>&#8211; pro vytv\u00e1\u0159en\u00ed z\u00e1v\u011bsn\u00fdch sv\u00edtidel kruhov\u00e9ho pr\u016f\u0159ezu <BR>&#8211; pro vytv\u00e1\u0159en\u00ed z\u00e1v\u011bsn\u00fdch sv\u011bteln\u00fdch lini\u00ed <\/P><br \/>\n<P><STRONG>Instalace <BR><\/STRONG>&#8211; za pomoc\u00ed r\u016fzn\u00fdch z\u00e1v\u011bsn\u00fdch syst\u00e9m\u016f, kompatibiln\u00edch se syst\u00e9my PUSZ nebo UCHO-ZM <\/P><br \/>\n<P><STRONG>Dal\u0161\u00ed informace <\/STRONG><BR>&#8211; jednoduch\u00e1, pevn\u00e1 konstrukce <BR>&#8211; prostor pro LED pasek: 21.2 mm<\/P><\/p>\n","protected":false},"featured_media":4613,"template":"","meta":[],"product_brand":[525],"product_cat":[552],"product_tag":[],"class_list":{"0":"post-4623","1":"product","2":"type-product","3":"status-publish","4":"has-post-thumbnail","6":"product_brand-klus","7":"product_cat-pro-zaveseni","8":"pa_delka-3m","10":"first","11":"instock","12":"purchasable","13":"product-type-simple"},"_links":{"self":[{"href":"https:\/\/shop.dohlad.info\/index.php\/wp-json\/wp\/v2\/product\/4623","targetHints":{"allow":["GET"]}}],"collection":[{"href":"https:\/\/shop.dohlad.info\/index.php\/wp-json\/wp\/v2\/product"}],"about":[{"href":"https:\/\/shop.dohlad.info\/index.php\/wp-json\/wp\/v2\/types\/product"}],"wp:featuredmedia":[{"embeddable":true,"href":"https:\/\/shop.dohlad.info\/index.php\/wp-json\/wp\/v2\/media\/4613"}],"wp:attachment":[{"href":"https:\/\/shop.dohlad.info\/index.php\/wp-json\/wp\/v2\/media?parent=4623"}],"wp:term":[{"taxonomy":"product_brand","embeddable":true,"href":"https:\/\/shop.dohlad.info\/index.php\/wp-json\/wp\/v2\/product_brand?post=4623"},{"taxonomy":"product_cat","embeddable":true,"href":"https:\/\/shop.dohlad.info\/index.php\/wp-json\/wp\/v2\/product_cat?post=4623"},{"taxonomy":"product_tag","embeddable":true,"href":"https:\/\/shop.dohlad.info\/index.php\/wp-json\/wp\/v2\/product_tag?post=4623"}],"curies":[{"name":"wp","href":"https:\/\/api.w.org\/{rel}","templated":true}]}}