{"id":3839,"date":"2026-03-18T08:35:06","date_gmt":"2026-03-18T07:35:06","guid":{"rendered":"https:\/\/shop.dohlad.info\/index.php\/\/produkt\/difuzor-klus-ka-13-pro-led-hlinikove-profily-mlecny-delka-3m\/"},"modified":"2026-03-18T08:35:07","modified_gmt":"2026-03-18T07:35:07","slug":"difuzor-klus-ka-13-pro-led-hlinikove-profily-mlecny-delka-3m","status":"publish","type":"product","link":"https:\/\/shop.dohlad.info\/index.php\/produkt\/difuzor-klus-ka-13-pro-led-hlinikove-profily-mlecny-delka-3m\/","title":{"rendered":"Difuzor KLU\u015a KA-13 pro LED hlin\u00edkov\u00e9 profily |ml\u00e9\u010dn\u00fd D\u00e9lka: 3m"},"content":{"rendered":"<p><P><STRONG>\u00da\u010del produktu<\/STRONG><BR>&nbsp;&#8211; ochrana LED zdroje a rozptylov\u00e1n\u00ed sv\u011btla<\/P><br \/>\n<P><STRONG>Instalace<\/STRONG><BR>&nbsp;&#8211;&nbsp;nacvaknut\u00edm do p\u0159\u00edslu\u0161n\u00e9ho profilu<\/P><br \/>\n<P><STRONG>Dal\u0161\u00ed informace<\/STRONG><BR>&nbsp;&#8211; propustnost sv\u011btla a\u017e 80 %<\/P><\/p>\n","protected":false},"excerpt":{"rendered":"<p><P><STRONG>\u00da\u010del produktu<\/STRONG><BR>&nbsp;&#8211; ochrana LED zdroje a rozptylov\u00e1n\u00ed sv\u011btla<\/P><br \/>\n<P><STRONG>Instalace<\/STRONG><BR>&nbsp;&#8211;&nbsp;nacvaknut\u00edm do p\u0159\u00edslu\u0161n\u00e9ho profilu<\/P><br \/>\n<P><STRONG>Dal\u0161\u00ed informace<\/STRONG><BR>&nbsp;&#8211; propustnost sv\u011btla a\u017e 80 %<\/P><\/p>\n","protected":false},"featured_media":3833,"template":"","meta":[],"product_brand":[525],"product_cat":[533],"product_tag":[],"class_list":{"0":"post-3839","1":"product","2":"type-product","3":"status-publish","4":"has-post-thumbnail","6":"product_brand-klus","7":"product_cat-mlecne","8":"pa_delka-3m","10":"first","11":"instock","12":"purchasable","13":"product-type-simple"},"_links":{"self":[{"href":"https:\/\/shop.dohlad.info\/index.php\/wp-json\/wp\/v2\/product\/3839","targetHints":{"allow":["GET"]}}],"collection":[{"href":"https:\/\/shop.dohlad.info\/index.php\/wp-json\/wp\/v2\/product"}],"about":[{"href":"https:\/\/shop.dohlad.info\/index.php\/wp-json\/wp\/v2\/types\/product"}],"wp:featuredmedia":[{"embeddable":true,"href":"https:\/\/shop.dohlad.info\/index.php\/wp-json\/wp\/v2\/media\/3833"}],"wp:attachment":[{"href":"https:\/\/shop.dohlad.info\/index.php\/wp-json\/wp\/v2\/media?parent=3839"}],"wp:term":[{"taxonomy":"product_brand","embeddable":true,"href":"https:\/\/shop.dohlad.info\/index.php\/wp-json\/wp\/v2\/product_brand?post=3839"},{"taxonomy":"product_cat","embeddable":true,"href":"https:\/\/shop.dohlad.info\/index.php\/wp-json\/wp\/v2\/product_cat?post=3839"},{"taxonomy":"product_tag","embeddable":true,"href":"https:\/\/shop.dohlad.info\/index.php\/wp-json\/wp\/v2\/product_tag?post=3839"}],"curies":[{"name":"wp","href":"https:\/\/api.w.org\/{rel}","templated":true}]}}