{"id":2999,"date":"2026-03-18T08:22:13","date_gmt":"2026-03-18T07:22:13","guid":{"rendered":"https:\/\/shop.dohlad.info\/index.php\/\/produkt\/demontazni-desky-klus-pk-4\/"},"modified":"2026-03-18T08:22:14","modified_gmt":"2026-03-18T07:22:14","slug":"demontazni-desky-klus-pk-4","status":"publish","type":"product","link":"https:\/\/shop.dohlad.info\/index.php\/produkt\/demontazni-desky-klus-pk-4\/","title":{"rendered":"Demont\u00e1\u017en\u00ed desky KLU\u015a PK-4"},"content":{"rendered":"<p>Demont\u00e1\u017en\u00ed deska pro profil OPK-4<\/p>\n","protected":false},"excerpt":{"rendered":"<p>Demont\u00e1\u017en\u00ed deska pro profil OPK-4<\/p>\n","protected":false},"featured_media":3000,"template":"","meta":[],"product_brand":[525],"product_cat":[526],"product_tag":[],"class_list":{"0":"post-2999","1":"product","2":"type-product","3":"status-publish","4":"has-post-thumbnail","6":"product_brand-klus","7":"product_cat-led-profily","9":"first","10":"instock","11":"purchasable","12":"product-type-simple"},"_links":{"self":[{"href":"https:\/\/shop.dohlad.info\/index.php\/wp-json\/wp\/v2\/product\/2999","targetHints":{"allow":["GET"]}}],"collection":[{"href":"https:\/\/shop.dohlad.info\/index.php\/wp-json\/wp\/v2\/product"}],"about":[{"href":"https:\/\/shop.dohlad.info\/index.php\/wp-json\/wp\/v2\/types\/product"}],"wp:featuredmedia":[{"embeddable":true,"href":"https:\/\/shop.dohlad.info\/index.php\/wp-json\/wp\/v2\/media\/3000"}],"wp:attachment":[{"href":"https:\/\/shop.dohlad.info\/index.php\/wp-json\/wp\/v2\/media?parent=2999"}],"wp:term":[{"taxonomy":"product_brand","embeddable":true,"href":"https:\/\/shop.dohlad.info\/index.php\/wp-json\/wp\/v2\/product_brand?post=2999"},{"taxonomy":"product_cat","embeddable":true,"href":"https:\/\/shop.dohlad.info\/index.php\/wp-json\/wp\/v2\/product_cat?post=2999"},{"taxonomy":"product_tag","embeddable":true,"href":"https:\/\/shop.dohlad.info\/index.php\/wp-json\/wp\/v2\/product_tag?post=2999"}],"curies":[{"name":"wp","href":"https:\/\/api.w.org\/{rel}","templated":true}]}}