{"id":2129,"date":"2026-03-11T11:15:20","date_gmt":"2026-03-11T10:15:20","guid":{"rendered":"https:\/\/shop.dohlad.info\/index.php\/product\/kama-lights-led-panel-24v-dual-white-lp170s-12w-barva-cerna\/"},"modified":"2026-03-11T11:15:22","modified_gmt":"2026-03-11T10:15:22","slug":"kama-lights-led-panel-24v-dual-white-lp170s-12w-barva-cerna","status":"publish","type":"product","link":"https:\/\/shop.dohlad.info\/index.php\/produkt\/kama-lights-led-panel-24v-dual-white-lp170s-12w-barva-cerna\/","title":{"rendered":"Kama Lights\u00ae LED panel 24V Dual White LP170S 12W Barva: \u010cern\u00e1"},"content":{"rendered":"<p><!-- Pobo Page Builder - content START --><\/p>\n<div id='pobo-all-content'\n     data-pobo-content='product'\n     data-pobo-design-id='default'\n     data-pobo-page-id='11422594'\n     data-pobo-lang='default'\n     data-pobo-version='2.0'><\/p>\n<div id='pobo-inner-content'>\n<div id='pobo-standard-widget'>\n<div data-pobo-widget-id='7'\n                 data-pobo-unique-id='2255800'\n                 class='widget-container widget-image-half-right'><\/p>\n<div class=\"widget-typography\">\n<div class=\"rc-image-half-right\">\n<div class=\"rc-image-half-right__text\">\n<h2>Dual White<\/h2>\n<p>Sv\u00edtidlo umo\u017e\u0148uje plynul\u00e9 nastaven\u00ed teploty sv\u011btla v cel\u00e9m rozsahu 2000K\u20136000K. Od relaxa\u010dn\u00edho tepl\u00e9ho sv\u011btla a\u017e po jasn\u00e9 studen\u00e9 sv\u011btlo, kter\u00e9 simuluje denn\u00ed slune\u010dn\u00ed svit, si snadno p\u0159izp\u016fsob\u00edte osv\u011btlen\u00ed podle sv\u00fdch pot\u0159eb \u2013 ide\u00e1ln\u00ed pro pr\u00e1ci, soust\u0159ed\u011bn\u00ed i odpo\u010dinek.<\/p>\n<\/div>\n<div class=\"rc-image-half-right__image\"><img data-src=\"https:\/\/image.pobo.space\/images\/o8gkzj6ewhpc\/62kySdviAPyMSkYWZDS2-md.jpeg\" class=\"lazyLoad rc-image-half-right__img\" alt=\"LED panel 24V Dual White LP170S 12W\" ><\/div>\n<\/div>\n<\/div>\n<\/div>\n<div data-pobo-widget-id='6'\n                 data-pobo-unique-id='2255802'\n                 class='widget-container widget-advantages-three'><\/p>\n<div class=\"widget-projector\">\n<div class=\"rc-advantages-three\">\n<div class=\"rc-advantages-three__item\">\n<div class=\"rc-advantages-three__ico-container\"><img data-src=\"https:\/\/image.pobo.space\/images\/o8gkzj6ewhpc\/2ljC8LFkTZRdvOktrHhe-md.jpeg\" class=\"lazyLoad rc-advantages-three__ico-img\" alt=\"LED panel 24V Dual White LP170S 12W\" ><\/div>\n<div class=\"rc-advantages-three__info\">\n<h2 class=\"rc-advantages-three__info-header\"> Nap\u00e1jen\u00ed 24V DC <\/h2>\n<p><span class=\"rc-advantages-three__info-text\"> Vyu\u017e\u00edv\u00e1 nap\u00e1jen\u00ed 24V DC, kter\u00e9 je nejen energeticky efektivn\u00ed, ale tak\u00e9 maxim\u00e1ln\u011b bezpe\u010dn\u00e9. <\/span><\/div>\n<\/div>\n<div class=\"rc-advantages-three__item\">\n<div class=\"rc-advantages-three__ico-container\"><img data-src=\"https:\/\/image.pobo.space\/images\/o8gkzj6ewhpc\/bf6z3Tv5zAQMZ6kRXfUA-md.jpeg\" class=\"lazyLoad rc-advantages-three__ico-img\" alt=\"LED panel 24V Dual White LP170S 12W\" ><\/div>\n<div class=\"rc-advantages-three__info\">\n<h2 class=\"rc-advantages-three__info-header\"> Vysok\u00fd index pod\u00e1n\u00ed barev <\/h2>\n<p><span class=\"rc-advantages-three__info-text\"> V\u011brn\u00e9 pod\u00e1n\u00ed barev: Sv\u00edtidlo dosahuje vysok\u00e9ho indexu CRI &gt; 90, co\u017e zaru\u010duje p\u0159irozenou a v\u011brnou reprodukci barev. <\/span><\/div>\n<\/div>\n<div class=\"rc-advantages-three__item\">\n<div class=\"rc-advantages-three__ico-container\"><img data-src=\"https:\/\/image.pobo.space\/images\/o8gkzj6ewhpc\/fkEbgBs9WmnOCS099wGE-md.jpeg\" class=\"lazyLoad rc-advantages-three__ico-img\" alt=\"LED panel 24V Dual White LP170S 12W\" ><\/div>\n<div class=\"rc-advantages-three__info\">\n<h2 class=\"rc-advantages-three__info-header\"> Kompatibilita se Smart Home syst\u00e9my <\/h2>\n<p><span class=\"rc-advantages-three__info-text\"> Sv\u00edtidlo jednodu\u0161e propoj\u00edte se syst\u00e9my Loxone, Taphome, Fibaro, Tuya, Control4 a dal\u0161\u00edmi&#8230; <\/span><\/div>\n<\/div>\n<\/div>\n<\/div>\n<\/div>\n<div data-pobo-widget-id='6'\n                 data-pobo-unique-id='2255803'\n                 class='widget-container widget-advantages-three'><\/p>\n<div class=\"widget-projector\">\n<div class=\"rc-advantages-three\">\n<div class=\"rc-advantages-three__item\">\n<div class=\"rc-advantages-three__ico-container\"><img data-src=\"https:\/\/image.pobo.space\/images\/o8gkzj6ewhpc\/umkoJcXl2br1fAUKOGR3-md.png\" class=\"lazyLoad rc-advantages-three__ico-img\" alt=\"LED panel 24V Dual White LP170S 12W\" ><\/div>\n<div class=\"rc-advantages-three__info\">\n<h2 class=\"rc-advantages-three__info-header\"> Stm\u00edvateln\u00e9 pomoc\u00ed PWM <\/h2>\n<p><span class=\"rc-advantages-three__info-text\"> S vyu\u017eit\u00edm PWM (Pulse Width Modulation) z\u00edsk\u00e1te mo\u017enost plynul\u00e9ho stm\u00edv\u00e1n\u00ed od 0 % do 100 %, co\u017e sni\u017euje spot\u0159ebu energie a \u0161et\u0159\u00ed v\u00e1\u0161 zrak. Intenzitu osv\u011btlen\u00ed tak snadno p\u0159izp\u016fsob\u00edte sv\u00fdm preferenc\u00edm a aktu\u00e1ln\u00edm pot\u0159eb\u00e1m. <\/span><\/div>\n<\/div>\n<div class=\"rc-advantages-three__item\">\n<div class=\"rc-advantages-three__ico-container\"><img data-src=\"https:\/\/image.pobo.space\/images\/o8gkzj6ewhpc\/wonskirYksbP7Oo8BYll-md.png\" class=\"lazyLoad rc-advantages-three__ico-img\" alt=\"LED panel 24V Dual White LP170S 12W\" ><\/div>\n<div class=\"rc-advantages-three__info\">\n<h2 class=\"rc-advantages-three__info-header\"> Flicker Free (bez blik\u00e1n\u00ed) <\/h2>\n<p><span class=\"rc-advantages-three__info-text\"> Sv\u00edtidlo je navr\u017eeno tak, aby bylo zcela Flicker Free, co\u017e zaji\u0161\u0165uje maxim\u00e1ln\u00ed pohodl\u00ed pro va\u0161e o\u010di. Eliminace blik\u00e1n\u00ed v\u00fdznamn\u011b p\u0159isp\u00edv\u00e1 ke sn\u00ed\u017een\u00ed \u00fanavy o\u010d\u00ed i p\u0159i dlouhodob\u00e9m pou\u017e\u00edv\u00e1n\u00ed osv\u011btlen\u00ed. <\/span><\/div>\n<\/div>\n<div class=\"rc-advantages-three__item\">\n<div class=\"rc-advantages-three__ico-container\"><img data-src=\"https:\/\/image.pobo.space\/images\/o8gkzj6ewhpc\/cFYco5wMM7bgHAuhgvCF-md.png\" class=\"lazyLoad rc-advantages-three__ico-img\" alt=\"LED panel 24V Dual White LP170S 12W\" ><\/div>\n<div class=\"rc-advantages-three__info\">\n<h2 class=\"rc-advantages-three__info-header\"> Z\u00e1ruka 3 roky <\/h2>\n<p><span class=\"rc-advantages-three__info-text\"> Nejpokro\u010dilej\u0161\u00ed LED technologie s \u017eivotnost\u00ed a\u017e 50 000 hodin. T\u0159\u00edlet\u00e1 z\u00e1ruka pro va\u0161i naprostou jistotu kvality a spolehlivosti. <\/span><\/div>\n<\/div>\n<\/div>\n<\/div>\n<\/div>\n<div data-pobo-widget-id='7'\n                 data-pobo-unique-id='2255805'\n                 class='widget-container widget-image-half-right'><\/p>\n<div class=\"widget-typography\">\n<div class=\"rc-image-half-right\">\n<div class=\"rc-image-half-right__text\">\n<h2>\u0160irok\u00fd \u00fahel svitu 120\u00b0<\/h2>\n<p id=\"isPasted\"><strong id=\"isPasted\">Dokonal\u00e9 pokryt\u00ed cel\u00e9ho prostoru:<\/strong> Se sv\u00fdm \u0161irok\u00fdm \u00fahlem svitu 120\u00b0 tento LED panel Kama Lights\u00ae perfektn\u011b osv\u00edt\u00ed ka\u017ed\u00fd kout va\u0161\u00ed m\u00edstnosti. \u017d\u00e1dn\u00e9 tmav\u00e9 z\u00e1kout\u00ed, jen rovnom\u011brn\u00e9 a p\u0159\u00edjemn\u00e9 sv\u011btlo po cel\u00e9m prostoru. A\u0165 u\u017e ho um\u00edst\u00edte do ob\u00fdvac\u00edho pokoje, kuchyn\u011b, lo\u017enice \u010di chodby, v\u017edy z\u00edsk\u00e1te kvalitn\u00ed osv\u011btlen\u00ed p\u0159esn\u011b tam, kde ho pot\u0159ebujete.<\/p>\n<\/div>\n<div class=\"rc-image-half-right__image\"><img data-src=\"https:\/\/image.pobo.space\/images\/o8gkzj6ewhpc\/57v76lDAzplxzdaAaJgm-md.png\" class=\"lazyLoad rc-image-half-right__img\" alt=\"LED panel 24V Dual White LP170S 12W\" ><\/div>\n<\/div>\n<\/div>\n<\/div>\n<div data-pobo-widget-id='8'\n                 data-pobo-unique-id='2255806'\n                 class='widget-container widget-image-half-left'><\/p>\n<div class=\"widget-typography\">\n<div class=\"rc-image-half-left\">\n<div class=\"rc-image-half-left__image\"><img data-src=\"https:\/\/image.pobo.space\/images\/o8gkzj6ewhpc\/tjyI6povar9Xuf8vcjZF-md.jpeg\" class=\"lazyLoad rc-image-half-left__img\" alt=\"LED panel 24V Dual White LP170S 12W\" ><\/div>\n<div class=\"rc-image-half-left__text\">\n<h2>Kvalitn\u00ed zpracov\u00e1n\u00ed a dlouh\u00e1 \u017eivotnost<\/h2>\n<p><strong>Dlouh\u00e1 \u017eivotnost:<\/strong> D\u00edky kvalitn\u00edmu <strong>difuzoru z materi\u00e1lu <\/strong><strong>LPG PMMA<\/strong> nebudete m\u00edt probl\u00e9my se \u017eloutnut\u00edm. To znamen\u00e1, \u017ee va\u0161e LED panely z\u016fstanou kr\u00e1sn\u00e9 a elegantn\u00ed po celou dobu sv\u00e9 \u017eivotnosti. Kvalitn\u00ed materi\u00e1ly p\u0159isp\u00edvaj\u00ed k optim\u00e1ln\u00edmu rozptylu sv\u011btla, co\u017e zaji\u0161\u0165uje, \u017ee va\u0161e prostory budou pln\u00e9 jasu a z\u00e1rove\u0148 p\u0159\u00edjemn\u011b rovnom\u011brn\u011b osv\u011btlen\u00e9.\u00a0<\/p>\n<\/div>\n<\/div>\n<\/div>\n<\/div>\n<div data-pobo-widget-id='7'\n                 data-pobo-unique-id='2255808'\n                 class='widget-container widget-image-half-right'><\/p>\n<div class=\"widget-typography\">\n<div class=\"rc-image-half-right\">\n<div class=\"rc-image-half-right__text\">\n<div data-v-346b07e3=\"\" id=\"isPasted\">\n<div data-v-346b07e3=\"\">\n<div data-v-346b07e3=\"\">\n<div data-v-346b07e3=\"\">\n<div data-v-346b07e3=\"\">\n<h2 id=\"isPasted\">Minim\u00e1ln\u00ed hloubka zapu\u0161t\u011bn\u00ed<\/h2>\n<\/div>\n<\/div>\n<\/div>\n<\/div>\n<\/div>\n<p><strong>S v\u00fd\u0161kou zapu\u0161t\u011bn\u00ed pouh\u00fdch 12,5 mm<\/strong> je tento LED panel dokonalou volbou pro instalaci do s\u00e1drokartonov\u00fdch podhled\u016f. D\u00edky t\u00e9to unik\u00e1tn\u00ed vlastnosti z\u00edsk\u00e1te elegantn\u00ed zapu\u0161t\u011bn\u00e9 osv\u011btlen\u00ed prakticky v jak\u00e9mkoliv prostoru.<\/p>\n<\/div>\n<div class=\"rc-image-half-right__image\"><img data-src=\"https:\/\/image.pobo.space\/images\/o8gkzj6ewhpc\/ICfR33xuJB8vR41dB3Vk-md.jpeg\" class=\"lazyLoad rc-image-half-right__img\" alt=\"LED panel 24V Dual White LP170S 12W\" ><\/div>\n<\/div>\n<\/div>\n<\/div>\n<div data-pobo-widget-id='4'\n                 data-pobo-unique-id='2255809'\n                 class='widget-container widget-header-text'><\/p>\n<div class=\"widget-typography\">\n<div class=\"rc-header-text\">\n<h2 class=\"rc-header-text__header\"> Zapojen\u00ed <\/h2>\n<p><span class=\"rc-header-text__text\"> \u010cerven\u00fd vodi\u010d: +24V \/ \u017dlut\u00fd vodi\u010d: WW 2000K \/ B\u00edl\u00fd vodi\u010d: CW 6000K <\/span><\/div>\n<\/div>\n<\/div>\n<\/div>\n<div id='pobo-share-widget'><\/div>\n<\/div>\n<\/div>\n<p><!-- Pobo Page Builder - content END --><\/p>\n<p>Z\u00e1ruka na 36 m\u011bs\u00edc\u016f<\/p>\n","protected":false},"excerpt":{"rendered":"<p><!-- Pobo Page Builder - content START --><\/p>\n<div id='pobo-all-content'\n     data-pobo-content='product'\n     data-pobo-design-id='default'\n     data-pobo-page-id='11422594'\n     data-pobo-lang='default'\n     data-pobo-version='2.0'><\/p>\n<div id='pobo-inner-content'>\n<div id='pobo-standard-widget'>\n<div data-pobo-widget-id='7'\n                 data-pobo-unique-id='2255800'\n                 class='widget-container widget-image-half-right'><\/p>\n<div class=\"widget-typography\">\n<div class=\"rc-image-half-right\">\n<div class=\"rc-image-half-right__text\">\n<h2>Dual White<\/h2>\n<p>Sv\u00edtidlo umo\u017e\u0148uje plynul\u00e9 nastaven\u00ed teploty sv\u011btla v cel\u00e9m rozsahu 2000K\u20136000K. Od relaxa\u010dn\u00edho tepl\u00e9ho sv\u011btla a\u017e po jasn\u00e9 studen\u00e9 sv\u011btlo, kter\u00e9 simuluje denn\u00ed slune\u010dn\u00ed svit, si snadno p\u0159izp\u016fsob\u00edte osv\u011btlen\u00ed podle sv\u00fdch pot\u0159eb \u2013 ide\u00e1ln\u00ed pro pr\u00e1ci, soust\u0159ed\u011bn\u00ed i odpo\u010dinek.<\/p>\n<\/div>\n<div class=\"rc-image-half-right__image\"><img data-src=\"https:\/\/image.pobo.space\/images\/o8gkzj6ewhpc\/62kySdviAPyMSkYWZDS2-md.jpeg\" class=\"lazyLoad rc-image-half-right__img\" alt=\"LED panel 24V Dual White LP170S 12W\" ><\/div>\n<\/div>\n<\/div>\n<\/div>\n<div data-pobo-widget-id='6'\n                 data-pobo-unique-id='2255802'\n                 class='widget-container widget-advantages-three'><\/p>\n<div class=\"widget-projector\">\n<div class=\"rc-advantages-three\">\n<div class=\"rc-advantages-three__item\">\n<div class=\"rc-advantages-three__ico-container\"><img data-src=\"https:\/\/image.pobo.space\/images\/o8gkzj6ewhpc\/2ljC8LFkTZRdvOktrHhe-md.jpeg\" class=\"lazyLoad rc-advantages-three__ico-img\" alt=\"LED panel 24V Dual White LP170S 12W\" ><\/div>\n<div class=\"rc-advantages-three__info\">\n<h2 class=\"rc-advantages-three__info-header\"> Nap\u00e1jen\u00ed 24V DC <\/h2>\n<p><span class=\"rc-advantages-three__info-text\"> Vyu\u017e\u00edv\u00e1 nap\u00e1jen\u00ed 24V DC, kter\u00e9 je nejen energeticky efektivn\u00ed, ale tak\u00e9 maxim\u00e1ln\u011b bezpe\u010dn\u00e9. <\/span><\/div>\n<\/div>\n<div class=\"rc-advantages-three__item\">\n<div class=\"rc-advantages-three__ico-container\"><img data-src=\"https:\/\/image.pobo.space\/images\/o8gkzj6ewhpc\/bf6z3Tv5zAQMZ6kRXfUA-md.jpeg\" class=\"lazyLoad rc-advantages-three__ico-img\" alt=\"LED panel 24V Dual White LP170S 12W\" ><\/div>\n<div class=\"rc-advantages-three__info\">\n<h2 class=\"rc-advantages-three__info-header\"> Vysok\u00fd index pod\u00e1n\u00ed barev <\/h2>\n<p><span class=\"rc-advantages-three__info-text\"> V\u011brn\u00e9 pod\u00e1n\u00ed barev: Sv\u00edtidlo dosahuje vysok\u00e9ho indexu CRI &gt; 90, co\u017e zaru\u010duje p\u0159irozenou a v\u011brnou reprodukci barev. <\/span><\/div>\n<\/div>\n<div class=\"rc-advantages-three__item\">\n<div class=\"rc-advantages-three__ico-container\"><img data-src=\"https:\/\/image.pobo.space\/images\/o8gkzj6ewhpc\/fkEbgBs9WmnOCS099wGE-md.jpeg\" class=\"lazyLoad rc-advantages-three__ico-img\" alt=\"LED panel 24V Dual White LP170S 12W\" ><\/div>\n<div class=\"rc-advantages-three__info\">\n<h2 class=\"rc-advantages-three__info-header\"> Kompatibilita se Smart Home syst\u00e9my <\/h2>\n<p><span class=\"rc-advantages-three__info-text\"> Sv\u00edtidlo jednodu\u0161e propoj\u00edte se syst\u00e9my Loxone, Taphome, Fibaro, Tuya, Control4 a dal\u0161\u00edmi&#8230; <\/span><\/div>\n<\/div>\n<\/div>\n<\/div>\n<\/div>\n<div data-pobo-widget-id='6'\n                 data-pobo-unique-id='2255803'\n                 class='widget-container widget-advantages-three'><\/p>\n<div class=\"widget-projector\">\n<div class=\"rc-advantages-three\">\n<div class=\"rc-advantages-three__item\">\n<div class=\"rc-advantages-three__ico-container\"><img data-src=\"https:\/\/image.pobo.space\/images\/o8gkzj6ewhpc\/umkoJcXl2br1fAUKOGR3-md.png\" class=\"lazyLoad rc-advantages-three__ico-img\" alt=\"LED panel 24V Dual White LP170S 12W\" ><\/div>\n<div class=\"rc-advantages-three__info\">\n<h2 class=\"rc-advantages-three__info-header\"> Stm\u00edvateln\u00e9 pomoc\u00ed PWM <\/h2>\n<p><span class=\"rc-advantages-three__info-text\"> S vyu\u017eit\u00edm PWM (Pulse Width Modulation) z\u00edsk\u00e1te mo\u017enost plynul\u00e9ho stm\u00edv\u00e1n\u00ed od 0 % do 100 %, co\u017e sni\u017euje spot\u0159ebu energie a \u0161et\u0159\u00ed v\u00e1\u0161 zrak. Intenzitu osv\u011btlen\u00ed tak snadno p\u0159izp\u016fsob\u00edte sv\u00fdm preferenc\u00edm a aktu\u00e1ln\u00edm pot\u0159eb\u00e1m. <\/span><\/div>\n<\/div>\n<div class=\"rc-advantages-three__item\">\n<div class=\"rc-advantages-three__ico-container\"><img data-src=\"https:\/\/image.pobo.space\/images\/o8gkzj6ewhpc\/wonskirYksbP7Oo8BYll-md.png\" class=\"lazyLoad rc-advantages-three__ico-img\" alt=\"LED panel 24V Dual White LP170S 12W\" ><\/div>\n<div class=\"rc-advantages-three__info\">\n<h2 class=\"rc-advantages-three__info-header\"> Flicker Free (bez blik\u00e1n\u00ed) <\/h2>\n<p><span class=\"rc-advantages-three__info-text\"> Sv\u00edtidlo je navr\u017eeno tak, aby bylo zcela Flicker Free, co\u017e zaji\u0161\u0165uje maxim\u00e1ln\u00ed pohodl\u00ed pro va\u0161e o\u010di. Eliminace blik\u00e1n\u00ed v\u00fdznamn\u011b p\u0159isp\u00edv\u00e1 ke sn\u00ed\u017een\u00ed \u00fanavy o\u010d\u00ed i p\u0159i dlouhodob\u00e9m pou\u017e\u00edv\u00e1n\u00ed osv\u011btlen\u00ed. <\/span><\/div>\n<\/div>\n<div class=\"rc-advantages-three__item\">\n<div class=\"rc-advantages-three__ico-container\"><img data-src=\"https:\/\/image.pobo.space\/images\/o8gkzj6ewhpc\/cFYco5wMM7bgHAuhgvCF-md.png\" class=\"lazyLoad rc-advantages-three__ico-img\" alt=\"LED panel 24V Dual White LP170S 12W\" ><\/div>\n<div class=\"rc-advantages-three__info\">\n<h2 class=\"rc-advantages-three__info-header\"> Z\u00e1ruka 3 roky <\/h2>\n<p><span class=\"rc-advantages-three__info-text\"> Nejpokro\u010dilej\u0161\u00ed LED technologie s \u017eivotnost\u00ed a\u017e 50 000 hodin. T\u0159\u00edlet\u00e1 z\u00e1ruka pro va\u0161i naprostou jistotu kvality a spolehlivosti. <\/span><\/div>\n<\/div>\n<\/div>\n<\/div>\n<\/div>\n<div data-pobo-widget-id='7'\n                 data-pobo-unique-id='2255805'\n                 class='widget-container widget-image-half-right'><\/p>\n<div class=\"widget-typography\">\n<div class=\"rc-image-half-right\">\n<div class=\"rc-image-half-right__text\">\n<h2>\u0160irok\u00fd \u00fahel svitu 120\u00b0<\/h2>\n<p id=\"isPasted\"><strong id=\"isPasted\">Dokonal\u00e9 pokryt\u00ed cel\u00e9ho prostoru:<\/strong> Se sv\u00fdm \u0161irok\u00fdm \u00fahlem svitu 120\u00b0 tento LED panel Kama Lights\u00ae perfektn\u011b osv\u00edt\u00ed ka\u017ed\u00fd kout va\u0161\u00ed m\u00edstnosti. \u017d\u00e1dn\u00e9 tmav\u00e9 z\u00e1kout\u00ed, jen rovnom\u011brn\u00e9 a p\u0159\u00edjemn\u00e9 sv\u011btlo po cel\u00e9m prostoru. A\u0165 u\u017e ho um\u00edst\u00edte do ob\u00fdvac\u00edho pokoje, kuchyn\u011b, lo\u017enice \u010di chodby, v\u017edy z\u00edsk\u00e1te kvalitn\u00ed osv\u011btlen\u00ed p\u0159esn\u011b tam, kde ho pot\u0159ebujete.<\/p>\n<\/div>\n<div class=\"rc-image-half-right__image\"><img data-src=\"https:\/\/image.pobo.space\/images\/o8gkzj6ewhpc\/57v76lDAzplxzdaAaJgm-md.png\" class=\"lazyLoad rc-image-half-right__img\" alt=\"LED panel 24V Dual White LP170S 12W\" ><\/div>\n<\/div>\n<\/div>\n<\/div>\n<div data-pobo-widget-id='8'\n                 data-pobo-unique-id='2255806'\n                 class='widget-container widget-image-half-left'><\/p>\n<div class=\"widget-typography\">\n<div class=\"rc-image-half-left\">\n<div class=\"rc-image-half-left__image\"><img data-src=\"https:\/\/image.pobo.space\/images\/o8gkzj6ewhpc\/tjyI6povar9Xuf8vcjZF-md.jpeg\" class=\"lazyLoad rc-image-half-left__img\" alt=\"LED panel 24V Dual White LP170S 12W\" ><\/div>\n<div class=\"rc-image-half-left__text\">\n<h2>Kvalitn\u00ed zpracov\u00e1n\u00ed a dlouh\u00e1 \u017eivotnost<\/h2>\n<p><strong>Dlouh\u00e1 \u017eivotnost:<\/strong> D\u00edky kvalitn\u00edmu <strong>difuzoru z materi\u00e1lu <\/strong><strong>LPG PMMA<\/strong> nebudete m\u00edt probl\u00e9my se \u017eloutnut\u00edm. To znamen\u00e1, \u017ee va\u0161e LED panely z\u016fstanou kr\u00e1sn\u00e9 a elegantn\u00ed po celou dobu sv\u00e9 \u017eivotnosti. Kvalitn\u00ed materi\u00e1ly p\u0159isp\u00edvaj\u00ed k optim\u00e1ln\u00edmu rozptylu sv\u011btla, co\u017e zaji\u0161\u0165uje, \u017ee va\u0161e prostory budou pln\u00e9 jasu a z\u00e1rove\u0148 p\u0159\u00edjemn\u011b rovnom\u011brn\u011b osv\u011btlen\u00e9.\u00a0<\/p>\n<\/div>\n<\/div>\n<\/div>\n<\/div>\n<div data-pobo-widget-id='7'\n                 data-pobo-unique-id='2255808'\n                 class='widget-container widget-image-half-right'><\/p>\n<div class=\"widget-typography\">\n<div class=\"rc-image-half-right\">\n<div class=\"rc-image-half-right__text\">\n<div data-v-346b07e3=\"\" id=\"isPasted\">\n<div data-v-346b07e3=\"\">\n<div data-v-346b07e3=\"\">\n<div data-v-346b07e3=\"\">\n<div data-v-346b07e3=\"\">\n<h2 id=\"isPasted\">Minim\u00e1ln\u00ed hloubka zapu\u0161t\u011bn\u00ed<\/h2>\n<\/div>\n<\/div>\n<\/div>\n<\/div>\n<\/div>\n<p><strong>S v\u00fd\u0161kou zapu\u0161t\u011bn\u00ed pouh\u00fdch 12,5 mm<\/strong> je tento LED panel dokonalou volbou pro instalaci do s\u00e1drokartonov\u00fdch podhled\u016f. D\u00edky t\u00e9to unik\u00e1tn\u00ed vlastnosti z\u00edsk\u00e1te elegantn\u00ed zapu\u0161t\u011bn\u00e9 osv\u011btlen\u00ed prakticky v jak\u00e9mkoliv prostoru.<\/p>\n<\/div>\n<div class=\"rc-image-half-right__image\"><img data-src=\"https:\/\/image.pobo.space\/images\/o8gkzj6ewhpc\/ICfR33xuJB8vR41dB3Vk-md.jpeg\" class=\"lazyLoad rc-image-half-right__img\" alt=\"LED panel 24V Dual White LP170S 12W\" ><\/div>\n<\/div>\n<\/div>\n<\/div>\n<div data-pobo-widget-id='4'\n                 data-pobo-unique-id='2255809'\n                 class='widget-container widget-header-text'><\/p>\n<div class=\"widget-typography\">\n<div class=\"rc-header-text\">\n<h2 class=\"rc-header-text__header\"> Zapojen\u00ed <\/h2>\n<p><span class=\"rc-header-text__text\"> \u010cerven\u00fd vodi\u010d: +24V \/ \u017dlut\u00fd vodi\u010d: WW 2000K \/ B\u00edl\u00fd vodi\u010d: CW 6000K <\/span><\/div>\n<\/div>\n<\/div>\n<\/div>\n<div id='pobo-share-widget'><\/div>\n<\/div>\n<\/div>\n<p><!-- Pobo Page Builder - content END --><\/p>\n","protected":false},"featured_media":2122,"template":"","meta":[],"product_brand":[409],"product_cat":[428],"product_tag":[],"class_list":{"0":"post-2129","1":"product","2":"type-product","3":"status-publish","4":"has-post-thumbnail","6":"product_brand-kama-lights","7":"product_cat-zapustne","8":"pa_barva-cerna","9":"pa_napeti-24v-dc","10":"pa_prikon-6w-12w-6w","12":"first","13":"outofstock","14":"purchasable","15":"product-type-simple"},"_links":{"self":[{"href":"https:\/\/shop.dohlad.info\/index.php\/wp-json\/wp\/v2\/product\/2129","targetHints":{"allow":["GET"]}}],"collection":[{"href":"https:\/\/shop.dohlad.info\/index.php\/wp-json\/wp\/v2\/product"}],"about":[{"href":"https:\/\/shop.dohlad.info\/index.php\/wp-json\/wp\/v2\/types\/product"}],"wp:featuredmedia":[{"embeddable":true,"href":"https:\/\/shop.dohlad.info\/index.php\/wp-json\/wp\/v2\/media\/2122"}],"wp:attachment":[{"href":"https:\/\/shop.dohlad.info\/index.php\/wp-json\/wp\/v2\/media?parent=2129"}],"wp:term":[{"taxonomy":"product_brand","embeddable":true,"href":"https:\/\/shop.dohlad.info\/index.php\/wp-json\/wp\/v2\/product_brand?post=2129"},{"taxonomy":"product_cat","embeddable":true,"href":"https:\/\/shop.dohlad.info\/index.php\/wp-json\/wp\/v2\/product_cat?post=2129"},{"taxonomy":"product_tag","embeddable":true,"href":"https:\/\/shop.dohlad.info\/index.php\/wp-json\/wp\/v2\/product_tag?post=2129"}],"curies":[{"name":"wp","href":"https:\/\/api.w.org\/{rel}","templated":true}]}}